{"id":440,"date":"2025-01-16T11:19:45","date_gmt":"2025-01-16T10:19:45","guid":{"rendered":"https:\/\/www.autotrasportirota.it\/home\/"},"modified":"2025-02-20T14:55:48","modified_gmt":"2025-02-20T13:55:48","slug":"home-fr","status":"publish","type":"page","link":"https:\/\/www.autotrasportirota.it\/fr\/","title":{"rendered":"Home"},"content":{"rendered":"\t\t<div data-elementor-type=\"wp-page\" data-elementor-id=\"440\" class=\"elementor elementor-440 elementor-74\" data-elementor-post-type=\"page\">\n\t\t\t\t\t\t<section class=\"elementor-section elementor-top-section elementor-element elementor-element-6a6b82d elementor-section-height-min-height elementor-section-boxed elementor-section-height-default elementor-section-items-middle\" data-id=\"6a6b82d\" data-element_type=\"section\" data-e-type=\"section\" data-settings=\"{&quot;background_background&quot;:&quot;classic&quot;}\">\n\t\t\t\t\t\t\t<div class=\"elementor-background-overlay\"><\/div>\n\t\t\t\t\t\t\t<div class=\"elementor-container elementor-column-gap-default\">\n\t\t\t\t\t<div class=\"elementor-column elementor-col-100 elementor-top-column elementor-element elementor-element-86f2e63\" data-id=\"86f2e63\" data-element_type=\"column\" data-e-type=\"column\">\n\t\t\t<div class=\"elementor-widget-wrap\">\n\t\t\t\t\t\t\t<\/div>\n\t\t<\/div>\n\t\t\t\t\t<\/div>\n\t\t<\/section>\n\t\t\t\t<section class=\"elementor-section elementor-top-section elementor-element elementor-element-150c3ad elementor-section-boxed elementor-section-height-default elementor-section-height-default\" data-id=\"150c3ad\" data-element_type=\"section\" data-e-type=\"section\">\n\t\t\t\t\t\t<div class=\"elementor-container elementor-column-gap-default\">\n\t\t\t\t\t<div class=\"elementor-column elementor-col-100 elementor-top-column elementor-element elementor-element-91700cf\" data-id=\"91700cf\" data-element_type=\"column\" data-e-type=\"column\" data-settings=\"{&quot;background_background&quot;:&quot;gradient&quot;}\">\n\t\t\t<div class=\"elementor-widget-wrap elementor-element-populated\">\n\t\t\t\t\t\t<div class=\"elementor-element elementor-element-7b819bf elementor-widget__width-auto elementor-widget elementor-widget-heading\" data-id=\"7b819bf\" data-element_type=\"widget\" data-e-type=\"widget\" data-widget_type=\"heading.default\">\n\t\t\t\t<div class=\"elementor-widget-container\">\n\t\t\t\t\t<h3 class=\"elementor-heading-title elementor-size-default\">AUTOTRASPORTI ROTA di ROTA E. &amp; C. s.n.c.<\/h3>\t\t\t\t<\/div>\n\t\t\t\t<\/div>\n\t\t\t\t<div class=\"elementor-element elementor-element-e023501 elementor-widget elementor-widget-heading\" data-id=\"e023501\" data-element_type=\"widget\" data-e-type=\"widget\" data-widget_type=\"heading.default\">\n\t\t\t\t<div class=\"elementor-widget-container\">\n\t\t\t\t\t<h1 class=\"elementor-heading-title elementor-size-default\">Services de transport pour compte de tiers<\/h1>\t\t\t\t<\/div>\n\t\t\t\t<\/div>\n\t\t\t\t\t<\/div>\n\t\t<\/div>\n\t\t\t\t\t<\/div>\n\t\t<\/section>\n\t\t\t\t<section class=\"elementor-section elementor-top-section elementor-element elementor-element-edcc025 elementor-section-boxed elementor-section-height-default elementor-section-height-default\" data-id=\"edcc025\" data-element_type=\"section\" data-e-type=\"section\">\n\t\t\t\t\t\t<div class=\"elementor-container elementor-column-gap-default\">\n\t\t\t\t\t<div class=\"elementor-column elementor-col-100 elementor-top-column elementor-element elementor-element-4e949b0\" data-id=\"4e949b0\" data-element_type=\"column\" data-e-type=\"column\">\n\t\t\t<div class=\"elementor-widget-wrap elementor-element-populated\">\n\t\t\t\t\t\t<div class=\"elementor-element elementor-element-d86f2ef animated-slow elementor-invisible elementor-widget elementor-widget-heading\" data-id=\"d86f2ef\" data-element_type=\"widget\" data-e-type=\"widget\" data-settings=\"{&quot;_animation&quot;:&quot;fadeIn&quot;}\" data-widget_type=\"heading.default\">\n\t\t\t\t<div class=\"elementor-widget-container\">\n\t\t\t\t\t<h1 class=\"elementor-heading-title elementor-size-default\">Depuis 1953, notre ponctualit\u00e9 au service de votre logistique<\/h1>\t\t\t\t<\/div>\n\t\t\t\t<\/div>\n\t\t\t\t<div class=\"elementor-element elementor-element-32811d4 elementor-widget elementor-widget-text-editor\" data-id=\"32811d4\" data-element_type=\"widget\" data-e-type=\"widget\" data-widget_type=\"text-editor.default\">\n\t\t\t\t<div class=\"elementor-widget-container\">\n\t\t\t\t\t\t\t\t\t<p><strong>Nous op\u00e9rons principalement dans le nord de l&rsquo;Italie et en France, offrant des solutions rapides et ponctuelles pour chaque besoin logistique.<\/strong><\/p><p>Notre force r\u00e9side dans l&rsquo;exp\u00e9rience acquise au cours de plus de 70 ans d&rsquo;activit\u00e9 et dans la pr\u00e9sence directe des propri\u00e9taires au sein de l&rsquo;entreprise, garantissant une attention particuli\u00e8re aux d\u00e9tails et un contact direct avec les clients.<\/p>\t\t\t\t\t\t\t\t<\/div>\n\t\t\t\t<\/div>\n\t\t\t\t\t<\/div>\n\t\t<\/div>\n\t\t\t\t\t<\/div>\n\t\t<\/section>\n\t\t\t\t<section class=\"elementor-section elementor-top-section elementor-element elementor-element-f328ab9 elementor-section-boxed elementor-section-height-default elementor-section-height-default\" data-id=\"f328ab9\" data-element_type=\"section\" data-e-type=\"section\">\n\t\t\t\t\t\t<div class=\"elementor-container elementor-column-gap-default\">\n\t\t\t\t\t<div class=\"elementor-column elementor-col-50 elementor-top-column elementor-element elementor-element-6fd74f2 elementor-invisible\" data-id=\"6fd74f2\" data-element_type=\"column\" data-e-type=\"column\" data-settings=\"{&quot;animation&quot;:&quot;fadeInUp&quot;}\">\n\t\t\t<div class=\"elementor-widget-wrap elementor-element-populated\">\n\t\t\t\t\t\t<div class=\"elementor-element elementor-element-9553461 elementor-widget elementor-widget-image\" data-id=\"9553461\" data-element_type=\"widget\" data-e-type=\"widget\" data-widget_type=\"image.default\">\n\t\t\t\t<div class=\"elementor-widget-container\">\n\t\t\t\t\t\t\t\t\t\t\t\t\t\t\t<img fetchpriority=\"high\" decoding=\"async\" width=\"800\" height=\"450\" src=\"https:\/\/www.autotrasportirota.it\/wp-content\/uploads\/2025\/02\/trasporti-logistica-italia-francia-1024x576.webp\" class=\"attachment-large size-large wp-image-468\" alt=\"\" srcset=\"https:\/\/www.autotrasportirota.it\/wp-content\/uploads\/2025\/02\/trasporti-logistica-italia-francia-1024x576.webp 1024w, https:\/\/www.autotrasportirota.it\/wp-content\/uploads\/2025\/02\/trasporti-logistica-italia-francia-300x169.webp 300w, https:\/\/www.autotrasportirota.it\/wp-content\/uploads\/2025\/02\/trasporti-logistica-italia-francia-768x432.webp 768w, https:\/\/www.autotrasportirota.it\/wp-content\/uploads\/2025\/02\/trasporti-logistica-italia-francia-1536x864.webp 1536w, https:\/\/www.autotrasportirota.it\/wp-content\/uploads\/2025\/02\/trasporti-logistica-italia-francia.webp 1920w\" sizes=\"(max-width: 800px) 100vw, 800px\" \/>\t\t\t\t\t\t\t\t\t\t\t\t\t\t\t<\/div>\n\t\t\t\t<\/div>\n\t\t\t\t<div class=\"elementor-element elementor-element-01552ff elementor-widget elementor-widget-heading\" data-id=\"01552ff\" data-element_type=\"widget\" data-e-type=\"widget\" data-widget_type=\"heading.default\">\n\t\t\t\t<div class=\"elementor-widget-container\">\n\t\t\t\t\t<h3 class=\"elementor-heading-title elementor-size-default\">Transport<br>pour compte de tiers<\/h3>\t\t\t\t<\/div>\n\t\t\t\t<\/div>\n\t\t\t\t<div class=\"elementor-element elementor-element-dcfd489 elementor-widget elementor-widget-text-editor\" data-id=\"dcfd489\" data-element_type=\"widget\" data-e-type=\"widget\" data-widget_type=\"text-editor.default\">\n\t\t\t\t<div class=\"elementor-widget-container\">\n\t\t\t\t\t\t\t\t\t<p>Notre flotte de v\u00e9hicules dispose de camions de diff\u00e9rentes capacit\u00e9s pour r\u00e9pondre et satisfaire chaque type de besoin.<\/p>\t\t\t\t\t\t\t\t<\/div>\n\t\t\t\t<\/div>\n\t\t\t\t<div class=\"elementor-element elementor-element-5594f11 elementor-align-center elementor-widget elementor-widget-button\" data-id=\"5594f11\" data-element_type=\"widget\" data-e-type=\"widget\" data-widget_type=\"button.default\">\n\t\t\t\t<div class=\"elementor-widget-container\">\n\t\t\t\t\t\t\t\t\t<div class=\"elementor-button-wrapper\">\n\t\t\t\t\t<a class=\"elementor-button elementor-button-link elementor-size-sm\" href=\"https:\/\/www.autotrasportirota.it\/fr\/transport-compte-tiers\/\">\n\t\t\t\t\t\t<span class=\"elementor-button-content-wrapper\">\n\t\t\t\t\t\t\t\t\t<span class=\"elementor-button-text\">En savoir plus<\/span>\n\t\t\t\t\t<\/span>\n\t\t\t\t\t<\/a>\n\t\t\t\t<\/div>\n\t\t\t\t\t\t\t\t<\/div>\n\t\t\t\t<\/div>\n\t\t\t\t\t<\/div>\n\t\t<\/div>\n\t\t\t\t<div class=\"elementor-column elementor-col-50 elementor-top-column elementor-element elementor-element-fb5af8e elementor-invisible\" data-id=\"fb5af8e\" data-element_type=\"column\" data-e-type=\"column\" data-settings=\"{&quot;animation&quot;:&quot;fadeInUp&quot;}\">\n\t\t\t<div class=\"elementor-widget-wrap elementor-element-populated\">\n\t\t\t\t\t\t<div class=\"elementor-element elementor-element-620b179 elementor-widget elementor-widget-image\" data-id=\"620b179\" data-element_type=\"widget\" data-e-type=\"widget\" data-widget_type=\"image.default\">\n\t\t\t\t<div class=\"elementor-widget-container\">\n\t\t\t\t\t\t\t\t\t\t\t\t\t\t\t<img decoding=\"async\" width=\"800\" height=\"450\" src=\"https:\/\/www.autotrasportirota.it\/wp-content\/uploads\/2025\/02\/magazzino-logistica-stoccaggio-1024x576.webp\" class=\"attachment-large size-large wp-image-470\" alt=\"\" srcset=\"https:\/\/www.autotrasportirota.it\/wp-content\/uploads\/2025\/02\/magazzino-logistica-stoccaggio-1024x576.webp 1024w, https:\/\/www.autotrasportirota.it\/wp-content\/uploads\/2025\/02\/magazzino-logistica-stoccaggio-300x169.webp 300w, https:\/\/www.autotrasportirota.it\/wp-content\/uploads\/2025\/02\/magazzino-logistica-stoccaggio-768x432.webp 768w, https:\/\/www.autotrasportirota.it\/wp-content\/uploads\/2025\/02\/magazzino-logistica-stoccaggio-1536x864.webp 1536w, https:\/\/www.autotrasportirota.it\/wp-content\/uploads\/2025\/02\/magazzino-logistica-stoccaggio.webp 1920w\" sizes=\"(max-width: 800px) 100vw, 800px\" \/>\t\t\t\t\t\t\t\t\t\t\t\t\t\t\t<\/div>\n\t\t\t\t<\/div>\n\t\t\t\t<div class=\"elementor-element elementor-element-c9eebea elementor-widget elementor-widget-heading\" data-id=\"c9eebea\" data-element_type=\"widget\" data-e-type=\"widget\" data-widget_type=\"heading.default\">\n\t\t\t\t<div class=\"elementor-widget-container\">\n\t\t\t\t\t<h3 class=\"elementor-heading-title elementor-size-default\">Stockage<br>entreposage de marchandises<\/h3>\t\t\t\t<\/div>\n\t\t\t\t<\/div>\n\t\t\t\t<div class=\"elementor-element elementor-element-1fb3416 elementor-widget elementor-widget-text-editor\" data-id=\"1fb3416\" data-element_type=\"widget\" data-e-type=\"widget\" data-widget_type=\"text-editor.default\">\n\t\t\t\t<div class=\"elementor-widget-container\">\n\t\t\t\t\t\t\t\t\t<p>Notre entrep\u00f4t \u00e0 Caprino Bergamasco s&rsquo;\u00e9tend sur plus de 1.000 m\u00e8tres carr\u00e9s couverts et dispose d&rsquo;un grand parking ext\u00e9rieur.<\/p>\t\t\t\t\t\t\t\t<\/div>\n\t\t\t\t<\/div>\n\t\t\t\t<div class=\"elementor-element elementor-element-d01f640 elementor-align-center elementor-widget elementor-widget-button\" data-id=\"d01f640\" data-element_type=\"widget\" data-e-type=\"widget\" data-widget_type=\"button.default\">\n\t\t\t\t<div class=\"elementor-widget-container\">\n\t\t\t\t\t\t\t\t\t<div class=\"elementor-button-wrapper\">\n\t\t\t\t\t<a class=\"elementor-button elementor-button-link elementor-size-sm\" href=\"https:\/\/www.autotrasportirota.it\/fr\/stockage-entreposage-marchandises\/\">\n\t\t\t\t\t\t<span class=\"elementor-button-content-wrapper\">\n\t\t\t\t\t\t\t\t\t<span class=\"elementor-button-text\">En savoir plus<\/span>\n\t\t\t\t\t<\/span>\n\t\t\t\t\t<\/a>\n\t\t\t\t<\/div>\n\t\t\t\t\t\t\t\t<\/div>\n\t\t\t\t<\/div>\n\t\t\t\t\t<\/div>\n\t\t<\/div>\n\t\t\t\t\t<\/div>\n\t\t<\/section>\n\t\t\t\t<section class=\"elementor-section elementor-top-section elementor-element elementor-element-2fc10c9 elementor-section-full_width elementor-section-height-default elementor-section-height-default\" data-id=\"2fc10c9\" data-element_type=\"section\" data-e-type=\"section\">\n\t\t\t\t\t\t<div class=\"elementor-container elementor-column-gap-no\">\n\t\t\t\t\t<div class=\"elementor-column elementor-col-100 elementor-top-column elementor-element elementor-element-ae27666\" data-id=\"ae27666\" data-element_type=\"column\" data-e-type=\"column\">\n\t\t\t<div class=\"elementor-widget-wrap elementor-element-populated\">\n\t\t\t\t\t\t<div class=\"elementor-element elementor-element-b806f27 elementor-widget elementor-widget-template\" data-id=\"b806f27\" data-element_type=\"widget\" data-e-type=\"widget\" data-widget_type=\"template.default\">\n\t\t\t\t<div class=\"elementor-widget-container\">\n\t\t\t\t\t\t\t<div class=\"elementor-template\">\n\t\t\t\t\t<div data-elementor-type=\"section\" data-elementor-id=\"447\" class=\"elementor elementor-447 elementor-306 elementor-306\" data-elementor-post-type=\"elementor_library\">\n\t\t\t\t\t<section class=\"elementor-section elementor-top-section elementor-element elementor-element-70f84f8d elementor-section-boxed elementor-section-height-default elementor-section-height-default\" data-id=\"70f84f8d\" data-element_type=\"section\" data-e-type=\"section\" data-settings=\"{&quot;background_background&quot;:&quot;classic&quot;}\">\n\t\t\t\t\t\t\t<div class=\"elementor-background-overlay\"><\/div>\n\t\t\t\t\t\t\t<div class=\"elementor-container elementor-column-gap-default\">\n\t\t\t\t\t<div class=\"elementor-column elementor-col-100 elementor-top-column elementor-element elementor-element-1335183b\" data-id=\"1335183b\" data-element_type=\"column\" data-e-type=\"column\">\n\t\t\t<div class=\"elementor-widget-wrap elementor-element-populated\">\n\t\t\t\t\t\t<div class=\"elementor-element elementor-element-320dc417 elementor-widget elementor-widget-heading\" data-id=\"320dc417\" data-element_type=\"widget\" data-e-type=\"widget\" data-widget_type=\"heading.default\">\n\t\t\t\t<div class=\"elementor-widget-container\">\n\t\t\t\t\t<h3 class=\"elementor-heading-title elementor-size-default\">\u00caTES-VOUS INT\u00c9RESS\u00c9 PAR NOS SERVICES ?<\/h3>\t\t\t\t<\/div>\n\t\t\t\t<\/div>\n\t\t\t\t<div class=\"elementor-element elementor-element-432181d6 elementor-widget elementor-widget-heading\" data-id=\"432181d6\" data-element_type=\"widget\" data-e-type=\"widget\" data-widget_type=\"heading.default\">\n\t\t\t\t<div class=\"elementor-widget-container\">\n\t\t\t\t\t<h3 class=\"elementor-heading-title elementor-size-default\">Souhaitez-vous obtenir plus d'informations sur les tarifs et les services propos\u00e9s par Autotrasporti ROTA ?<\/h3>\t\t\t\t<\/div>\n\t\t\t\t<\/div>\n\t\t\t\t<div class=\"elementor-element elementor-element-74f83c7a elementor-align-center elementor-invisible elementor-widget elementor-widget-button\" data-id=\"74f83c7a\" data-element_type=\"widget\" data-e-type=\"widget\" data-settings=\"{&quot;_animation&quot;:&quot;bounceIn&quot;}\" data-widget_type=\"button.default\">\n\t\t\t\t<div class=\"elementor-widget-container\">\n\t\t\t\t\t\t\t\t\t<div class=\"elementor-button-wrapper\">\n\t\t\t\t\t<a class=\"elementor-button elementor-button-link elementor-size-sm\" href=\"https:\/\/www.autotrasportirota.it\/fr\/contacts\/\">\n\t\t\t\t\t\t<span class=\"elementor-button-content-wrapper\">\n\t\t\t\t\t\t\t\t\t<span class=\"elementor-button-text\">Demandez un devis<\/span>\n\t\t\t\t\t<\/span>\n\t\t\t\t\t<\/a>\n\t\t\t\t<\/div>\n\t\t\t\t\t\t\t\t<\/div>\n\t\t\t\t<\/div>\n\t\t\t\t\t<\/div>\n\t\t<\/div>\n\t\t\t\t\t<\/div>\n\t\t<\/section>\n\t\t\t\t<\/div>\n\t\t\t\t<\/div>\n\t\t\t\t\t\t<\/div>\n\t\t\t\t<\/div>\n\t\t\t\t\t<\/div>\n\t\t<\/div>\n\t\t\t\t\t<\/div>\n\t\t<\/section>\n\t\t\t\t<\/div>\n\t\t","protected":false},"excerpt":{"rendered":"<p>AUTOTRASPORTI ROTA di ROTA E. &amp; C. s.n.c. Services de transport pour compte de tiers Depuis 1953, notre ponctualit\u00e9 au service de votre logistique Nous op\u00e9rons principalement dans le nord de l&rsquo;Italie et en France, offrant des solutions rapides et ponctuelles pour chaque besoin logistique. Notre force r\u00e9side dans l&rsquo;exp\u00e9rience acquise au cours de plus [&hellip;]<\/p>\n","protected":false},"author":7,"featured_media":0,"parent":0,"menu_order":0,"comment_status":"closed","ping_status":"closed","template":"","meta":{"footnotes":""},"class_list":["post-440","page","type-page","status-publish","hentry"],"yoast_head":"<!-- This site is optimized with the Yoast SEO plugin v27.3 - https:\/\/yoast.com\/product\/yoast-seo-wordpress\/ -->\n<title>Services de transport pour compte de tiers<\/title>\n<meta name=\"description\" content=\"Notre force r\u00e9side dans l&#039;exp\u00e9rience acquise au cours de plus de 70 ans d&#039;activit\u00e9 et dans la pr\u00e9sence directe des propri\u00e9taires au sein de l&#039;entreprise, garantissant une attention particuli\u00e8re aux d\u00e9tails et un contact direct avec les clients.\" \/>\n<meta name=\"robots\" content=\"index, follow, max-snippet:-1, max-image-preview:large, max-video-preview:-1\" \/>\n<link rel=\"canonical\" href=\"https:\/\/www.autotrasportirota.it\/fr\/\" \/>\n<meta property=\"og:locale\" content=\"fr_FR\" \/>\n<meta property=\"og:type\" content=\"article\" \/>\n<meta property=\"og:title\" content=\"Services de transport pour compte de tiers\" \/>\n<meta property=\"og:description\" content=\"Notre force r\u00e9side dans l&#039;exp\u00e9rience acquise au cours de plus de 70 ans d&#039;activit\u00e9 et dans la pr\u00e9sence directe des propri\u00e9taires au sein de l&#039;entreprise, garantissant une attention particuli\u00e8re aux d\u00e9tails et un contact direct avec les clients.\" \/>\n<meta property=\"og:url\" content=\"https:\/\/www.autotrasportirota.it\/fr\/\" \/>\n<meta property=\"og:site_name\" content=\"Autotrasporti Rota\" \/>\n<meta property=\"article:modified_time\" content=\"2025-02-20T13:55:48+00:00\" \/>\n<meta property=\"og:image\" content=\"https:\/\/www.autotrasportirota.it\/wp-content\/uploads\/2025\/02\/trasporti-logistica-italia-francia-1024x576.webp\" \/>\n<meta name=\"twitter:card\" content=\"summary_large_image\" \/>\n<meta name=\"twitter:label1\" content=\"Dur\u00e9e de lecture estim\u00e9e\" \/>\n\t<meta name=\"twitter:data1\" content=\"2 minutes\" \/>\n<script type=\"application\/ld+json\" class=\"yoast-schema-graph\">{\"@context\":\"https:\\\/\\\/schema.org\",\"@graph\":[{\"@type\":\"WebPage\",\"@id\":\"https:\\\/\\\/www.autotrasportirota.it\\\/fr\\\/\",\"url\":\"https:\\\/\\\/www.autotrasportirota.it\\\/fr\\\/\",\"name\":\"Services de transport pour compte de tiers\",\"isPartOf\":{\"@id\":\"https:\\\/\\\/www.autotrasportirota.it\\\/fr\\\/#website\"},\"primaryImageOfPage\":{\"@id\":\"https:\\\/\\\/www.autotrasportirota.it\\\/fr\\\/#primaryimage\"},\"image\":{\"@id\":\"https:\\\/\\\/www.autotrasportirota.it\\\/fr\\\/#primaryimage\"},\"thumbnailUrl\":\"https:\\\/\\\/www.autotrasportirota.it\\\/wp-content\\\/uploads\\\/2025\\\/02\\\/trasporti-logistica-italia-francia-1024x576.webp\",\"datePublished\":\"2025-01-16T10:19:45+00:00\",\"dateModified\":\"2025-02-20T13:55:48+00:00\",\"description\":\"Notre force r\u00e9side dans l'exp\u00e9rience acquise au cours de plus de 70 ans d'activit\u00e9 et dans la pr\u00e9sence directe des propri\u00e9taires au sein de l'entreprise, garantissant une attention particuli\u00e8re aux d\u00e9tails et un contact direct avec les clients.\",\"breadcrumb\":{\"@id\":\"https:\\\/\\\/www.autotrasportirota.it\\\/fr\\\/#breadcrumb\"},\"inLanguage\":\"fr-FR\",\"potentialAction\":[{\"@type\":\"ReadAction\",\"target\":[\"https:\\\/\\\/www.autotrasportirota.it\\\/fr\\\/\"]}]},{\"@type\":\"ImageObject\",\"inLanguage\":\"fr-FR\",\"@id\":\"https:\\\/\\\/www.autotrasportirota.it\\\/fr\\\/#primaryimage\",\"url\":\"https:\\\/\\\/www.autotrasportirota.it\\\/wp-content\\\/uploads\\\/2025\\\/02\\\/trasporti-logistica-italia-francia-1024x576.webp\",\"contentUrl\":\"https:\\\/\\\/www.autotrasportirota.it\\\/wp-content\\\/uploads\\\/2025\\\/02\\\/trasporti-logistica-italia-francia-1024x576.webp\"},{\"@type\":\"BreadcrumbList\",\"@id\":\"https:\\\/\\\/www.autotrasportirota.it\\\/fr\\\/#breadcrumb\",\"itemListElement\":[{\"@type\":\"ListItem\",\"position\":1,\"name\":\"Home\",\"item\":\"https:\\\/\\\/www.autotrasportirota.it\\\/fr\\\/\"},{\"@type\":\"ListItem\",\"position\":2,\"name\":\"Home\"}]},{\"@type\":\"WebSite\",\"@id\":\"https:\\\/\\\/www.autotrasportirota.it\\\/fr\\\/#website\",\"url\":\"https:\\\/\\\/www.autotrasportirota.it\\\/fr\\\/\",\"name\":\"Autotrasporti Rota\",\"description\":\"\",\"publisher\":{\"@id\":\"https:\\\/\\\/www.autotrasportirota.it\\\/fr\\\/#organization\"},\"potentialAction\":[{\"@type\":\"SearchAction\",\"target\":{\"@type\":\"EntryPoint\",\"urlTemplate\":\"https:\\\/\\\/www.autotrasportirota.it\\\/fr\\\/?s={search_term_string}\"},\"query-input\":{\"@type\":\"PropertyValueSpecification\",\"valueRequired\":true,\"valueName\":\"search_term_string\"}}],\"inLanguage\":\"fr-FR\"},{\"@type\":\"Organization\",\"@id\":\"https:\\\/\\\/www.autotrasportirota.it\\\/fr\\\/#organization\",\"name\":\"Autotrasporti Rota\",\"url\":\"https:\\\/\\\/www.autotrasportirota.it\\\/fr\\\/\",\"logo\":{\"@type\":\"ImageObject\",\"inLanguage\":\"fr-FR\",\"@id\":\"https:\\\/\\\/www.autotrasportirota.it\\\/fr\\\/#\\\/schema\\\/logo\\\/image\\\/\",\"url\":\"https:\\\/\\\/www.autotrasportirota.it\\\/wp-content\\\/uploads\\\/2021\\\/01\\\/autotrasporti-rota.webp\",\"contentUrl\":\"https:\\\/\\\/www.autotrasportirota.it\\\/wp-content\\\/uploads\\\/2021\\\/01\\\/autotrasporti-rota.webp\",\"width\":1800,\"height\":620,\"caption\":\"Autotrasporti Rota\"},\"image\":{\"@id\":\"https:\\\/\\\/www.autotrasportirota.it\\\/fr\\\/#\\\/schema\\\/logo\\\/image\\\/\"}}]}<\/script>\n<!-- \/ Yoast SEO plugin. -->","yoast_head_json":{"title":"Services de transport pour compte de tiers","description":"Notre force r\u00e9side dans l'exp\u00e9rience acquise au cours de plus de 70 ans d'activit\u00e9 et dans la pr\u00e9sence directe des propri\u00e9taires au sein de l'entreprise, garantissant une attention particuli\u00e8re aux d\u00e9tails et un contact direct avec les clients.","robots":{"index":"index","follow":"follow","max-snippet":"max-snippet:-1","max-image-preview":"max-image-preview:large","max-video-preview":"max-video-preview:-1"},"canonical":"https:\/\/www.autotrasportirota.it\/fr\/","og_locale":"fr_FR","og_type":"article","og_title":"Services de transport pour compte de tiers","og_description":"Notre force r\u00e9side dans l'exp\u00e9rience acquise au cours de plus de 70 ans d'activit\u00e9 et dans la pr\u00e9sence directe des propri\u00e9taires au sein de l'entreprise, garantissant une attention particuli\u00e8re aux d\u00e9tails et un contact direct avec les clients.","og_url":"https:\/\/www.autotrasportirota.it\/fr\/","og_site_name":"Autotrasporti Rota","article_modified_time":"2025-02-20T13:55:48+00:00","og_image":[{"url":"https:\/\/www.autotrasportirota.it\/wp-content\/uploads\/2025\/02\/trasporti-logistica-italia-francia-1024x576.webp","type":"","width":"","height":""}],"twitter_card":"summary_large_image","twitter_misc":{"Dur\u00e9e de lecture estim\u00e9e":"2 minutes"},"schema":{"@context":"https:\/\/schema.org","@graph":[{"@type":"WebPage","@id":"https:\/\/www.autotrasportirota.it\/fr\/","url":"https:\/\/www.autotrasportirota.it\/fr\/","name":"Services de transport pour compte de tiers","isPartOf":{"@id":"https:\/\/www.autotrasportirota.it\/fr\/#website"},"primaryImageOfPage":{"@id":"https:\/\/www.autotrasportirota.it\/fr\/#primaryimage"},"image":{"@id":"https:\/\/www.autotrasportirota.it\/fr\/#primaryimage"},"thumbnailUrl":"https:\/\/www.autotrasportirota.it\/wp-content\/uploads\/2025\/02\/trasporti-logistica-italia-francia-1024x576.webp","datePublished":"2025-01-16T10:19:45+00:00","dateModified":"2025-02-20T13:55:48+00:00","description":"Notre force r\u00e9side dans l'exp\u00e9rience acquise au cours de plus de 70 ans d'activit\u00e9 et dans la pr\u00e9sence directe des propri\u00e9taires au sein de l'entreprise, garantissant une attention particuli\u00e8re aux d\u00e9tails et un contact direct avec les clients.","breadcrumb":{"@id":"https:\/\/www.autotrasportirota.it\/fr\/#breadcrumb"},"inLanguage":"fr-FR","potentialAction":[{"@type":"ReadAction","target":["https:\/\/www.autotrasportirota.it\/fr\/"]}]},{"@type":"ImageObject","inLanguage":"fr-FR","@id":"https:\/\/www.autotrasportirota.it\/fr\/#primaryimage","url":"https:\/\/www.autotrasportirota.it\/wp-content\/uploads\/2025\/02\/trasporti-logistica-italia-francia-1024x576.webp","contentUrl":"https:\/\/www.autotrasportirota.it\/wp-content\/uploads\/2025\/02\/trasporti-logistica-italia-francia-1024x576.webp"},{"@type":"BreadcrumbList","@id":"https:\/\/www.autotrasportirota.it\/fr\/#breadcrumb","itemListElement":[{"@type":"ListItem","position":1,"name":"Home","item":"https:\/\/www.autotrasportirota.it\/fr\/"},{"@type":"ListItem","position":2,"name":"Home"}]},{"@type":"WebSite","@id":"https:\/\/www.autotrasportirota.it\/fr\/#website","url":"https:\/\/www.autotrasportirota.it\/fr\/","name":"Autotrasporti Rota","description":"","publisher":{"@id":"https:\/\/www.autotrasportirota.it\/fr\/#organization"},"potentialAction":[{"@type":"SearchAction","target":{"@type":"EntryPoint","urlTemplate":"https:\/\/www.autotrasportirota.it\/fr\/?s={search_term_string}"},"query-input":{"@type":"PropertyValueSpecification","valueRequired":true,"valueName":"search_term_string"}}],"inLanguage":"fr-FR"},{"@type":"Organization","@id":"https:\/\/www.autotrasportirota.it\/fr\/#organization","name":"Autotrasporti Rota","url":"https:\/\/www.autotrasportirota.it\/fr\/","logo":{"@type":"ImageObject","inLanguage":"fr-FR","@id":"https:\/\/www.autotrasportirota.it\/fr\/#\/schema\/logo\/image\/","url":"https:\/\/www.autotrasportirota.it\/wp-content\/uploads\/2021\/01\/autotrasporti-rota.webp","contentUrl":"https:\/\/www.autotrasportirota.it\/wp-content\/uploads\/2021\/01\/autotrasporti-rota.webp","width":1800,"height":620,"caption":"Autotrasporti Rota"},"image":{"@id":"https:\/\/www.autotrasportirota.it\/fr\/#\/schema\/logo\/image\/"}}]}},"_links":{"self":[{"href":"https:\/\/www.autotrasportirota.it\/fr\/wp-json\/wp\/v2\/pages\/440","targetHints":{"allow":["GET"]}}],"collection":[{"href":"https:\/\/www.autotrasportirota.it\/fr\/wp-json\/wp\/v2\/pages"}],"about":[{"href":"https:\/\/www.autotrasportirota.it\/fr\/wp-json\/wp\/v2\/types\/page"}],"author":[{"embeddable":true,"href":"https:\/\/www.autotrasportirota.it\/fr\/wp-json\/wp\/v2\/users\/7"}],"replies":[{"embeddable":true,"href":"https:\/\/www.autotrasportirota.it\/fr\/wp-json\/wp\/v2\/comments?post=440"}],"version-history":[{"count":19,"href":"https:\/\/www.autotrasportirota.it\/fr\/wp-json\/wp\/v2\/pages\/440\/revisions"}],"predecessor-version":[{"id":565,"href":"https:\/\/www.autotrasportirota.it\/fr\/wp-json\/wp\/v2\/pages\/440\/revisions\/565"}],"wp:attachment":[{"href":"https:\/\/www.autotrasportirota.it\/fr\/wp-json\/wp\/v2\/media?parent=440"}],"curies":[{"name":"wp","href":"https:\/\/api.w.org\/{rel}","templated":true}]}}