{"id":477,"date":"2025-01-20T14:21:30","date_gmt":"2025-01-20T13:21:30","guid":{"rendered":"https:\/\/www.autotrasportirota.it\/azienda\/"},"modified":"2025-02-20T10:18:47","modified_gmt":"2025-02-20T09:18:47","slug":"entreprise","status":"publish","type":"page","link":"https:\/\/www.autotrasportirota.it\/fr\/entreprise\/","title":{"rendered":"Entreprise"},"content":{"rendered":"\t\t<div data-elementor-type=\"wp-page\" data-elementor-id=\"477\" class=\"elementor elementor-477 elementor-266\" data-elementor-post-type=\"page\">\n\t\t\t\t\t\t<section class=\"elementor-section elementor-top-section elementor-element elementor-element-ff75fdf elementor-section-height-min-height elementor-section-items-stretch elementor-section-content-bottom elementor-section-boxed elementor-section-height-default\" data-id=\"ff75fdf\" data-element_type=\"section\" data-e-type=\"section\" data-settings=\"{&quot;background_background&quot;:&quot;classic&quot;}\">\n\t\t\t\t\t\t\t<div class=\"elementor-background-overlay\"><\/div>\n\t\t\t\t\t\t\t<div class=\"elementor-container elementor-column-gap-no\">\n\t\t\t\t\t<div class=\"elementor-column elementor-col-50 elementor-top-column elementor-element elementor-element-1203608\" data-id=\"1203608\" data-element_type=\"column\" data-e-type=\"column\">\n\t\t\t<div class=\"elementor-widget-wrap\">\n\t\t\t\t\t\t\t<\/div>\n\t\t<\/div>\n\t\t\t\t<div class=\"elementor-column elementor-col-50 elementor-top-column elementor-element elementor-element-ea87580\" data-id=\"ea87580\" data-element_type=\"column\" data-e-type=\"column\">\n\t\t\t<div class=\"elementor-widget-wrap\">\n\t\t\t\t\t\t\t<\/div>\n\t\t<\/div>\n\t\t\t\t\t<\/div>\n\t\t<\/section>\n\t\t\t\t<section class=\"elementor-section elementor-top-section elementor-element elementor-element-5f3e68c elementor-section-boxed elementor-section-height-default elementor-section-height-default\" data-id=\"5f3e68c\" data-element_type=\"section\" data-e-type=\"section\">\n\t\t\t\t\t\t<div class=\"elementor-container elementor-column-gap-default\">\n\t\t\t\t\t<div class=\"elementor-column elementor-col-100 elementor-top-column elementor-element elementor-element-e77927c\" data-id=\"e77927c\" data-element_type=\"column\" data-e-type=\"column\" data-settings=\"{&quot;background_background&quot;:&quot;gradient&quot;}\">\n\t\t\t<div class=\"elementor-widget-wrap elementor-element-populated\">\n\t\t\t\t\t\t<div class=\"elementor-element elementor-element-6b0871a elementor-widget__width-auto elementor-widget elementor-widget-heading\" data-id=\"6b0871a\" data-element_type=\"widget\" data-e-type=\"widget\" data-widget_type=\"heading.default\">\n\t\t\t\t<div class=\"elementor-widget-container\">\n\t\t\t\t\t<h3 class=\"elementor-heading-title elementor-size-default\">AUTOTRASPORTI ROTA di ROTA E. &amp; C. s.n.c.<\/h3>\t\t\t\t<\/div>\n\t\t\t\t<\/div>\n\t\t\t\t<div class=\"elementor-element elementor-element-f09bb2f elementor-widget elementor-widget-heading\" data-id=\"f09bb2f\" data-element_type=\"widget\" data-e-type=\"widget\" data-widget_type=\"heading.default\">\n\t\t\t\t<div class=\"elementor-widget-container\">\n\t\t\t\t\t<h1 class=\"elementor-heading-title elementor-size-default\">Entreprise<\/h1>\t\t\t\t<\/div>\n\t\t\t\t<\/div>\n\t\t\t\t\t<\/div>\n\t\t<\/div>\n\t\t\t\t\t<\/div>\n\t\t<\/section>\n\t\t\t\t<section class=\"elementor-section elementor-top-section elementor-element elementor-element-fc415b8 elementor-section-boxed elementor-section-height-default elementor-section-height-default\" data-id=\"fc415b8\" data-element_type=\"section\" data-e-type=\"section\">\n\t\t\t\t\t\t<div class=\"elementor-container elementor-column-gap-wide\">\n\t\t\t\t\t<div class=\"elementor-column elementor-col-50 elementor-top-column elementor-element elementor-element-903642b\" data-id=\"903642b\" data-element_type=\"column\" data-e-type=\"column\">\n\t\t\t<div class=\"elementor-widget-wrap elementor-element-populated\">\n\t\t\t\t\t\t<div class=\"elementor-element elementor-element-ce31934 elementor-widget elementor-widget-heading\" data-id=\"ce31934\" data-element_type=\"widget\" data-e-type=\"widget\" data-widget_type=\"heading.default\">\n\t\t\t\t<div class=\"elementor-widget-container\">\n\t\t\t\t\t<h3 class=\"elementor-heading-title elementor-size-default\">Notre histoire<\/h3>\t\t\t\t<\/div>\n\t\t\t\t<\/div>\n\t\t\t\t<div class=\"elementor-element elementor-element-ea09ff6 elementor-widget elementor-widget-text-editor\" data-id=\"ea09ff6\" data-element_type=\"widget\" data-e-type=\"widget\" data-widget_type=\"text-editor.default\">\n\t\t\t\t<div class=\"elementor-widget-container\">\n\t\t\t\t\t\t\t\t\t<p><strong>Depuis 1953, solidit\u00e9 et fiabilit\u00e9 au service du transport de marchandises<\/strong><\/p><p>Autotrasporti Rota a \u00e9t\u00e9 fond\u00e9e en 1953 par l&rsquo;intuition de son fondateur, Rota Alessio Paolo. En 1983, sous la direction des fr\u00e8res Ennio, Lucio et Enrico, l&rsquo;entreprise \u00e9volue pour devenir Autotrasporti Rota di Rota E. &amp; C. s.n.c., consolidant une gestion familiale capable de conjuguer tradition et innovation de mani\u00e8re optimale.<br \/>L&rsquo;expansion se poursuit en 1996 avec l&rsquo;ouverture d&rsquo;un entrep\u00f4t moderne \u00e0 Caprino Bergamasco : un espace strat\u00e9gique de plus de 1.000 m\u00b2 couverts, accompagn\u00e9 d&rsquo;un grand parking ext\u00e9rieur con\u00e7u pour offrir des services de stockage, d&rsquo;entreposage et de logistique.<\/p><p>Au fil des ann\u00e9es, notre entreprise se d\u00e9veloppe pour devenir un point de r\u00e9f\u00e9rence dans le transport de marchandises en Italie et en France.<\/p><p>Aujourd&rsquo;hui, avec plus de 70 ans d&rsquo;exp\u00e9rience, Autotrasporti Rota continue d&rsquo;\u00eatre une r\u00e9f\u00e9rence dans le secteur du transport pour compte de tiers. Nous travaillons chaque jour avec passion pour fournir des services sur mesure qui mettent toujours les besoins de nos clients au centre.<\/p>\t\t\t\t\t\t\t\t<\/div>\n\t\t\t\t<\/div>\n\t\t\t\t\t<\/div>\n\t\t<\/div>\n\t\t\t\t<div class=\"elementor-column elementor-col-50 elementor-top-column elementor-element elementor-element-71887ea\" data-id=\"71887ea\" data-element_type=\"column\" data-e-type=\"column\">\n\t\t\t<div class=\"elementor-widget-wrap elementor-element-populated\">\n\t\t\t\t\t\t<div class=\"elementor-element elementor-element-11a72fb elementor-widget elementor-widget-image\" data-id=\"11a72fb\" data-element_type=\"widget\" data-e-type=\"widget\" data-widget_type=\"image.default\">\n\t\t\t\t<div class=\"elementor-widget-container\">\n\t\t\t\t\t\t\t\t\t\t\t\t\t\t\t<img fetchpriority=\"high\" decoding=\"async\" width=\"800\" height=\"450\" src=\"https:\/\/www.autotrasportirota.it\/wp-content\/uploads\/2021\/01\/magazzino-logistica-cambiago-bergamo-1024x576.webp\" class=\"attachment-large size-large wp-image-431\" alt=\"\" srcset=\"https:\/\/www.autotrasportirota.it\/wp-content\/uploads\/2021\/01\/magazzino-logistica-cambiago-bergamo-1024x576.webp 1024w, https:\/\/www.autotrasportirota.it\/wp-content\/uploads\/2021\/01\/magazzino-logistica-cambiago-bergamo-300x169.webp 300w, https:\/\/www.autotrasportirota.it\/wp-content\/uploads\/2021\/01\/magazzino-logistica-cambiago-bergamo-768x432.webp 768w, https:\/\/www.autotrasportirota.it\/wp-content\/uploads\/2021\/01\/magazzino-logistica-cambiago-bergamo-1536x864.webp 1536w, https:\/\/www.autotrasportirota.it\/wp-content\/uploads\/2021\/01\/magazzino-logistica-cambiago-bergamo.webp 1920w\" sizes=\"(max-width: 800px) 100vw, 800px\" \/>\t\t\t\t\t\t\t\t\t\t\t\t\t\t\t<\/div>\n\t\t\t\t<\/div>\n\t\t\t\t\t<\/div>\n\t\t<\/div>\n\t\t\t\t\t<\/div>\n\t\t<\/section>\n\t\t\t\t<section class=\"elementor-section elementor-top-section elementor-element elementor-element-011a34c elementor-section-boxed elementor-section-height-default elementor-section-height-default\" data-id=\"011a34c\" data-element_type=\"section\" data-e-type=\"section\">\n\t\t\t\t\t\t<div class=\"elementor-container elementor-column-gap-default\">\n\t\t\t\t\t<div class=\"elementor-column elementor-col-50 elementor-top-column elementor-element elementor-element-8fd76fd\" data-id=\"8fd76fd\" data-element_type=\"column\" data-e-type=\"column\">\n\t\t\t<div class=\"elementor-widget-wrap elementor-element-populated\">\n\t\t\t\t\t\t<div class=\"elementor-element elementor-element-02f2853 elementor-widget elementor-widget-heading\" data-id=\"02f2853\" data-element_type=\"widget\" data-e-type=\"widget\" data-widget_type=\"heading.default\">\n\t\t\t\t<div class=\"elementor-widget-container\">\n\t\t\t\t\t<h3 class=\"elementor-heading-title elementor-size-default\">Notre flotte de v\u00e9hicules<\/h3>\t\t\t\t<\/div>\n\t\t\t\t<\/div>\n\t\t\t\t<div class=\"elementor-element elementor-element-7f34521 elementor-widget elementor-widget-text-editor\" data-id=\"7f34521\" data-element_type=\"widget\" data-e-type=\"widget\" data-widget_type=\"text-editor.default\">\n\t\t\t\t<div class=\"elementor-widget-container\">\n\t\t\t\t\t\t\t\t\t<p>Un transport de qualit\u00e9 n\u00e9cessite des v\u00e9hicules performants. Notre flotte, diversifi\u00e9e et moderne, est con\u00e7ue pour r\u00e9pondre \u00e0 tous les besoins logistiques, avec pour objectif d&rsquo;assurer une efficacit\u00e9 et une s\u00e9curit\u00e9 maximales.<\/p>\n<p>En particulier, nous disposons de :<\/p>\t\t\t\t\t\t\t\t<\/div>\n\t\t\t\t<\/div>\n\t\t\t\t<div class=\"elementor-element elementor-element-e0188cf elementor-icon-list--layout-traditional elementor-list-item-link-full_width elementor-widget elementor-widget-icon-list\" data-id=\"e0188cf\" data-element_type=\"widget\" data-e-type=\"widget\" data-widget_type=\"icon-list.default\">\n\t\t\t\t<div class=\"elementor-widget-container\">\n\t\t\t\t\t\t\t<ul class=\"elementor-icon-list-items\">\n\t\t\t\t\t\t\t<li class=\"elementor-icon-list-item\">\n\t\t\t\t\t\t\t\t\t\t\t<span class=\"elementor-icon-list-icon\">\n\t\t\t\t\t\t\t<i aria-hidden=\"true\" class=\"fas fa-check\"><\/i>\t\t\t\t\t\t<\/span>\n\t\t\t\t\t\t\t\t\t\t<span class=\"elementor-icon-list-text\">Gestion logistique professionnelle<\/span>\n\t\t\t\t\t\t\t\t\t<\/li>\n\t\t\t\t\t\t\t\t<li class=\"elementor-icon-list-item\">\n\t\t\t\t\t\t\t\t\t\t\t<span class=\"elementor-icon-list-icon\">\n\t\t\t\t\t\t\t<i aria-hidden=\"true\" class=\"fas fa-check\"><\/i>\t\t\t\t\t\t<\/span>\n\t\t\t\t\t\t\t\t\t\t<span class=\"elementor-icon-list-text\">Fiabilit\u00e9 et s\u00e9curit\u00e9<\/span>\n\t\t\t\t\t\t\t\t\t<\/li>\n\t\t\t\t\t\t\t\t<li class=\"elementor-icon-list-item\">\n\t\t\t\t\t\t\t\t\t\t\t<span class=\"elementor-icon-list-icon\">\n\t\t\t\t\t\t\t<i aria-hidden=\"true\" class=\"fas fa-check\"><\/i>\t\t\t\t\t\t<\/span>\n\t\t\t\t\t\t\t\t\t\t<span class=\"elementor-icon-list-text\">Solutions personnalis\u00e9es et assistance continue<\/span>\n\t\t\t\t\t\t\t\t\t<\/li>\n\t\t\t\t\t\t<\/ul>\n\t\t\t\t\t\t<\/div>\n\t\t\t\t<\/div>\n\t\t\t\t<div class=\"elementor-element elementor-element-a033383 elementor-widget elementor-widget-text-editor\" data-id=\"a033383\" data-element_type=\"widget\" data-e-type=\"widget\" data-widget_type=\"text-editor.default\">\n\t\t\t\t<div class=\"elementor-widget-container\">\n\t\t\t\t\t\t\t\t\t<p>La diversit\u00e9 de notre parc de v\u00e9hicules nous permet de g\u00e9rer des transports de tout type avec une pr\u00e9cision maximale.<\/p>\t\t\t\t\t\t\t\t<\/div>\n\t\t\t\t<\/div>\n\t\t\t\t\t<\/div>\n\t\t<\/div>\n\t\t\t\t<div class=\"elementor-column elementor-col-50 elementor-top-column elementor-element elementor-element-970508e\" data-id=\"970508e\" data-element_type=\"column\" data-e-type=\"column\" data-settings=\"{&quot;background_background&quot;:&quot;classic&quot;}\">\n\t\t\t<div class=\"elementor-widget-wrap elementor-element-populated\">\n\t\t\t\t\t\t<div class=\"elementor-element elementor-element-aee93d0 elementor-widget elementor-widget-heading\" data-id=\"aee93d0\" data-element_type=\"widget\" data-e-type=\"widget\" data-widget_type=\"heading.default\">\n\t\t\t\t<div class=\"elementor-widget-container\">\n\t\t\t\t\t<h2 class=\"elementor-heading-title elementor-size-default\">Pourquoi choisir Autotrasporti Rota ?<\/h2>\t\t\t\t<\/div>\n\t\t\t\t<\/div>\n\t\t\t\t<div class=\"elementor-element elementor-element-e4b65db elementor-widget elementor-widget-text-editor\" data-id=\"e4b65db\" data-element_type=\"widget\" data-e-type=\"widget\" data-widget_type=\"text-editor.default\">\n\t\t\t\t<div class=\"elementor-widget-container\">\n\t\t\t\t\t\t\t\t\t<p>Choisir Autotrasporti Rota signifie faire confiance \u00e0 un partenaire qui fait de la rapidit\u00e9 et de la ponctualit\u00e9 ses caract\u00e9ristiques distinctives. Les propri\u00e9taires, toujours pr\u00e9sents et impliqu\u00e9s personnellement, garantissent un service soign\u00e9 dans les moindres d\u00e9tails. La combinaison d&rsquo;une flotte moderne, d&rsquo;un personnel qualifi\u00e9 et de notre longue exp\u00e9rience dans le secteur nous permet d&rsquo;offrir des solutions sur mesure pour chaque client.<\/p>\t\t\t\t\t\t\t\t<\/div>\n\t\t\t\t<\/div>\n\t\t\t\t\t<\/div>\n\t\t<\/div>\n\t\t\t\t\t<\/div>\n\t\t<\/section>\n\t\t\t\t<\/div>\n\t\t","protected":false},"excerpt":{"rendered":"<p>AUTOTRASPORTI ROTA di ROTA E. &amp; C. s.n.c. Notre histoire Depuis 1953, solidit\u00e9 et fiabilit\u00e9 au service du transport de marchandises Autotrasporti Rota a \u00e9t\u00e9 fond\u00e9e en 1953 par l&rsquo;intuition de son fondateur, Rota Alessio Paolo. En 1983, sous la direction des fr\u00e8res Ennio, Lucio et Enrico, l&rsquo;entreprise \u00e9volue pour devenir Autotrasporti Rota di Rota [&hellip;]<\/p>\n","protected":false},"author":7,"featured_media":0,"parent":0,"menu_order":0,"comment_status":"closed","ping_status":"closed","template":"","meta":{"footnotes":""},"class_list":["post-477","page","type-page","status-publish","hentry"],"yoast_head":"<!-- This site is optimized with the Yoast SEO plugin v27.3 - https:\/\/yoast.com\/product\/yoast-seo-wordpress\/ -->\n<title>Entreprise<\/title>\n<meta name=\"description\" content=\"Autotrasporti Rota a \u00e9t\u00e9 fond\u00e9e en 1953 par l&#039;intuition de son fondateur, Rota Alessio Paolo. En 1983, sous la direction des fr\u00e8res Ennio, Lucio et Enrico, l&#039;entreprise \u00e9volue pour devenir Autotrasporti Rota di Rota E. &amp; C. s.n.c., consolidant une gestion familiale capable de conjuguer tradition et innovation de mani\u00e8re optimale.\" \/>\n<meta name=\"robots\" content=\"index, follow, max-snippet:-1, max-image-preview:large, max-video-preview:-1\" \/>\n<link rel=\"canonical\" href=\"https:\/\/www.autotrasportirota.it\/fr\/entreprise\/\" \/>\n<meta property=\"og:locale\" content=\"fr_FR\" \/>\n<meta property=\"og:type\" content=\"article\" \/>\n<meta property=\"og:title\" content=\"Entreprise\" \/>\n<meta property=\"og:description\" content=\"Autotrasporti Rota a \u00e9t\u00e9 fond\u00e9e en 1953 par l&#039;intuition de son fondateur, Rota Alessio Paolo. En 1983, sous la direction des fr\u00e8res Ennio, Lucio et Enrico, l&#039;entreprise \u00e9volue pour devenir Autotrasporti Rota di Rota E. &amp; C. s.n.c., consolidant une gestion familiale capable de conjuguer tradition et innovation de mani\u00e8re optimale.\" \/>\n<meta property=\"og:url\" content=\"https:\/\/www.autotrasportirota.it\/fr\/entreprise\/\" \/>\n<meta property=\"og:site_name\" content=\"Autotrasporti Rota\" \/>\n<meta property=\"article:modified_time\" content=\"2025-02-20T09:18:47+00:00\" \/>\n<meta property=\"og:image\" content=\"https:\/\/www.autotrasportirota.it\/wp-content\/uploads\/2021\/01\/magazzino-logistica-cambiago-bergamo.webp\" \/>\n\t<meta property=\"og:image:width\" content=\"1920\" \/>\n\t<meta property=\"og:image:height\" content=\"1080\" \/>\n\t<meta property=\"og:image:type\" content=\"image\/webp\" \/>\n<meta name=\"twitter:card\" content=\"summary_large_image\" \/>\n<meta name=\"twitter:label1\" content=\"Dur\u00e9e de lecture estim\u00e9e\" \/>\n\t<meta name=\"twitter:data1\" content=\"2 minutes\" \/>\n<script type=\"application\/ld+json\" class=\"yoast-schema-graph\">{\"@context\":\"https:\\\/\\\/schema.org\",\"@graph\":[{\"@type\":\"WebPage\",\"@id\":\"https:\\\/\\\/www.autotrasportirota.it\\\/fr\\\/entreprise\\\/\",\"url\":\"https:\\\/\\\/www.autotrasportirota.it\\\/fr\\\/entreprise\\\/\",\"name\":\"Entreprise\",\"isPartOf\":{\"@id\":\"https:\\\/\\\/www.autotrasportirota.it\\\/fr\\\/#website\"},\"primaryImageOfPage\":{\"@id\":\"https:\\\/\\\/www.autotrasportirota.it\\\/fr\\\/entreprise\\\/#primaryimage\"},\"image\":{\"@id\":\"https:\\\/\\\/www.autotrasportirota.it\\\/fr\\\/entreprise\\\/#primaryimage\"},\"thumbnailUrl\":\"https:\\\/\\\/www.autotrasportirota.it\\\/wp-content\\\/uploads\\\/2021\\\/01\\\/magazzino-logistica-cambiago-bergamo-1024x576.webp\",\"datePublished\":\"2025-01-20T13:21:30+00:00\",\"dateModified\":\"2025-02-20T09:18:47+00:00\",\"description\":\"Autotrasporti Rota a \u00e9t\u00e9 fond\u00e9e en 1953 par l'intuition de son fondateur, Rota Alessio Paolo. En 1983, sous la direction des fr\u00e8res Ennio, Lucio et Enrico, l'entreprise \u00e9volue pour devenir Autotrasporti Rota di Rota E. & C. s.n.c., consolidant une gestion familiale capable de conjuguer tradition et innovation de mani\u00e8re optimale.\",\"breadcrumb\":{\"@id\":\"https:\\\/\\\/www.autotrasportirota.it\\\/fr\\\/entreprise\\\/#breadcrumb\"},\"inLanguage\":\"fr-FR\",\"potentialAction\":[{\"@type\":\"ReadAction\",\"target\":[\"https:\\\/\\\/www.autotrasportirota.it\\\/fr\\\/entreprise\\\/\"]}]},{\"@type\":\"ImageObject\",\"inLanguage\":\"fr-FR\",\"@id\":\"https:\\\/\\\/www.autotrasportirota.it\\\/fr\\\/entreprise\\\/#primaryimage\",\"url\":\"https:\\\/\\\/www.autotrasportirota.it\\\/wp-content\\\/uploads\\\/2021\\\/01\\\/magazzino-logistica-cambiago-bergamo-1024x576.webp\",\"contentUrl\":\"https:\\\/\\\/www.autotrasportirota.it\\\/wp-content\\\/uploads\\\/2021\\\/01\\\/magazzino-logistica-cambiago-bergamo-1024x576.webp\"},{\"@type\":\"BreadcrumbList\",\"@id\":\"https:\\\/\\\/www.autotrasportirota.it\\\/fr\\\/entreprise\\\/#breadcrumb\",\"itemListElement\":[{\"@type\":\"ListItem\",\"position\":1,\"name\":\"Home\",\"item\":\"https:\\\/\\\/www.autotrasportirota.it\\\/fr\\\/\"},{\"@type\":\"ListItem\",\"position\":2,\"name\":\"Entreprise\"}]},{\"@type\":\"WebSite\",\"@id\":\"https:\\\/\\\/www.autotrasportirota.it\\\/fr\\\/#website\",\"url\":\"https:\\\/\\\/www.autotrasportirota.it\\\/fr\\\/\",\"name\":\"Autotrasporti Rota\",\"description\":\"\",\"publisher\":{\"@id\":\"https:\\\/\\\/www.autotrasportirota.it\\\/fr\\\/#organization\"},\"potentialAction\":[{\"@type\":\"SearchAction\",\"target\":{\"@type\":\"EntryPoint\",\"urlTemplate\":\"https:\\\/\\\/www.autotrasportirota.it\\\/fr\\\/?s={search_term_string}\"},\"query-input\":{\"@type\":\"PropertyValueSpecification\",\"valueRequired\":true,\"valueName\":\"search_term_string\"}}],\"inLanguage\":\"fr-FR\"},{\"@type\":\"Organization\",\"@id\":\"https:\\\/\\\/www.autotrasportirota.it\\\/fr\\\/#organization\",\"name\":\"Autotrasporti Rota\",\"url\":\"https:\\\/\\\/www.autotrasportirota.it\\\/fr\\\/\",\"logo\":{\"@type\":\"ImageObject\",\"inLanguage\":\"fr-FR\",\"@id\":\"https:\\\/\\\/www.autotrasportirota.it\\\/fr\\\/#\\\/schema\\\/logo\\\/image\\\/\",\"url\":\"https:\\\/\\\/www.autotrasportirota.it\\\/wp-content\\\/uploads\\\/2021\\\/01\\\/autotrasporti-rota.webp\",\"contentUrl\":\"https:\\\/\\\/www.autotrasportirota.it\\\/wp-content\\\/uploads\\\/2021\\\/01\\\/autotrasporti-rota.webp\",\"width\":1800,\"height\":620,\"caption\":\"Autotrasporti Rota\"},\"image\":{\"@id\":\"https:\\\/\\\/www.autotrasportirota.it\\\/fr\\\/#\\\/schema\\\/logo\\\/image\\\/\"}}]}<\/script>\n<!-- \/ Yoast SEO plugin. -->","yoast_head_json":{"title":"Entreprise","description":"Autotrasporti Rota a \u00e9t\u00e9 fond\u00e9e en 1953 par l'intuition de son fondateur, Rota Alessio Paolo. En 1983, sous la direction des fr\u00e8res Ennio, Lucio et Enrico, l'entreprise \u00e9volue pour devenir Autotrasporti Rota di Rota E. & C. s.n.c., consolidant une gestion familiale capable de conjuguer tradition et innovation de mani\u00e8re optimale.","robots":{"index":"index","follow":"follow","max-snippet":"max-snippet:-1","max-image-preview":"max-image-preview:large","max-video-preview":"max-video-preview:-1"},"canonical":"https:\/\/www.autotrasportirota.it\/fr\/entreprise\/","og_locale":"fr_FR","og_type":"article","og_title":"Entreprise","og_description":"Autotrasporti Rota a \u00e9t\u00e9 fond\u00e9e en 1953 par l'intuition de son fondateur, Rota Alessio Paolo. En 1983, sous la direction des fr\u00e8res Ennio, Lucio et Enrico, l'entreprise \u00e9volue pour devenir Autotrasporti Rota di Rota E. & C. s.n.c., consolidant une gestion familiale capable de conjuguer tradition et innovation de mani\u00e8re optimale.","og_url":"https:\/\/www.autotrasportirota.it\/fr\/entreprise\/","og_site_name":"Autotrasporti Rota","article_modified_time":"2025-02-20T09:18:47+00:00","og_image":[{"width":1920,"height":1080,"url":"https:\/\/www.autotrasportirota.it\/wp-content\/uploads\/2021\/01\/magazzino-logistica-cambiago-bergamo.webp","type":"image\/webp"}],"twitter_card":"summary_large_image","twitter_misc":{"Dur\u00e9e de lecture estim\u00e9e":"2 minutes"},"schema":{"@context":"https:\/\/schema.org","@graph":[{"@type":"WebPage","@id":"https:\/\/www.autotrasportirota.it\/fr\/entreprise\/","url":"https:\/\/www.autotrasportirota.it\/fr\/entreprise\/","name":"Entreprise","isPartOf":{"@id":"https:\/\/www.autotrasportirota.it\/fr\/#website"},"primaryImageOfPage":{"@id":"https:\/\/www.autotrasportirota.it\/fr\/entreprise\/#primaryimage"},"image":{"@id":"https:\/\/www.autotrasportirota.it\/fr\/entreprise\/#primaryimage"},"thumbnailUrl":"https:\/\/www.autotrasportirota.it\/wp-content\/uploads\/2021\/01\/magazzino-logistica-cambiago-bergamo-1024x576.webp","datePublished":"2025-01-20T13:21:30+00:00","dateModified":"2025-02-20T09:18:47+00:00","description":"Autotrasporti Rota a \u00e9t\u00e9 fond\u00e9e en 1953 par l'intuition de son fondateur, Rota Alessio Paolo. En 1983, sous la direction des fr\u00e8res Ennio, Lucio et Enrico, l'entreprise \u00e9volue pour devenir Autotrasporti Rota di Rota E. & C. s.n.c., consolidant une gestion familiale capable de conjuguer tradition et innovation de mani\u00e8re optimale.","breadcrumb":{"@id":"https:\/\/www.autotrasportirota.it\/fr\/entreprise\/#breadcrumb"},"inLanguage":"fr-FR","potentialAction":[{"@type":"ReadAction","target":["https:\/\/www.autotrasportirota.it\/fr\/entreprise\/"]}]},{"@type":"ImageObject","inLanguage":"fr-FR","@id":"https:\/\/www.autotrasportirota.it\/fr\/entreprise\/#primaryimage","url":"https:\/\/www.autotrasportirota.it\/wp-content\/uploads\/2021\/01\/magazzino-logistica-cambiago-bergamo-1024x576.webp","contentUrl":"https:\/\/www.autotrasportirota.it\/wp-content\/uploads\/2021\/01\/magazzino-logistica-cambiago-bergamo-1024x576.webp"},{"@type":"BreadcrumbList","@id":"https:\/\/www.autotrasportirota.it\/fr\/entreprise\/#breadcrumb","itemListElement":[{"@type":"ListItem","position":1,"name":"Home","item":"https:\/\/www.autotrasportirota.it\/fr\/"},{"@type":"ListItem","position":2,"name":"Entreprise"}]},{"@type":"WebSite","@id":"https:\/\/www.autotrasportirota.it\/fr\/#website","url":"https:\/\/www.autotrasportirota.it\/fr\/","name":"Autotrasporti Rota","description":"","publisher":{"@id":"https:\/\/www.autotrasportirota.it\/fr\/#organization"},"potentialAction":[{"@type":"SearchAction","target":{"@type":"EntryPoint","urlTemplate":"https:\/\/www.autotrasportirota.it\/fr\/?s={search_term_string}"},"query-input":{"@type":"PropertyValueSpecification","valueRequired":true,"valueName":"search_term_string"}}],"inLanguage":"fr-FR"},{"@type":"Organization","@id":"https:\/\/www.autotrasportirota.it\/fr\/#organization","name":"Autotrasporti Rota","url":"https:\/\/www.autotrasportirota.it\/fr\/","logo":{"@type":"ImageObject","inLanguage":"fr-FR","@id":"https:\/\/www.autotrasportirota.it\/fr\/#\/schema\/logo\/image\/","url":"https:\/\/www.autotrasportirota.it\/wp-content\/uploads\/2021\/01\/autotrasporti-rota.webp","contentUrl":"https:\/\/www.autotrasportirota.it\/wp-content\/uploads\/2021\/01\/autotrasporti-rota.webp","width":1800,"height":620,"caption":"Autotrasporti Rota"},"image":{"@id":"https:\/\/www.autotrasportirota.it\/fr\/#\/schema\/logo\/image\/"}}]}},"_links":{"self":[{"href":"https:\/\/www.autotrasportirota.it\/fr\/wp-json\/wp\/v2\/pages\/477","targetHints":{"allow":["GET"]}}],"collection":[{"href":"https:\/\/www.autotrasportirota.it\/fr\/wp-json\/wp\/v2\/pages"}],"about":[{"href":"https:\/\/www.autotrasportirota.it\/fr\/wp-json\/wp\/v2\/types\/page"}],"author":[{"embeddable":true,"href":"https:\/\/www.autotrasportirota.it\/fr\/wp-json\/wp\/v2\/users\/7"}],"replies":[{"embeddable":true,"href":"https:\/\/www.autotrasportirota.it\/fr\/wp-json\/wp\/v2\/comments?post=477"}],"version-history":[{"count":10,"href":"https:\/\/www.autotrasportirota.it\/fr\/wp-json\/wp\/v2\/pages\/477\/revisions"}],"predecessor-version":[{"id":568,"href":"https:\/\/www.autotrasportirota.it\/fr\/wp-json\/wp\/v2\/pages\/477\/revisions\/568"}],"wp:attachment":[{"href":"https:\/\/www.autotrasportirota.it\/fr\/wp-json\/wp\/v2\/media?parent=477"}],"curies":[{"name":"wp","href":"https:\/\/api.w.org\/{rel}","templated":true}]}}