{"id":495,"date":"2025-01-20T14:23:26","date_gmt":"2025-01-20T13:23:26","guid":{"rendered":"https:\/\/www.autotrasportirota.it\/deposito-stoccaggio-merci\/"},"modified":"2025-02-20T10:19:51","modified_gmt":"2025-02-20T09:19:51","slug":"stockage-entreposage-marchandises","status":"publish","type":"page","link":"https:\/\/www.autotrasportirota.it\/fr\/stockage-entreposage-marchandises\/","title":{"rendered":"Stockage et entreposage de marchandises"},"content":{"rendered":"\t\t<div data-elementor-type=\"wp-page\" data-elementor-id=\"495\" class=\"elementor elementor-495 elementor-270\" data-elementor-post-type=\"page\">\n\t\t\t\t\t\t<section class=\"elementor-section elementor-top-section elementor-element elementor-element-26f2eba elementor-section-height-min-height elementor-section-items-stretch elementor-section-content-bottom elementor-section-boxed elementor-section-height-default\" data-id=\"26f2eba\" data-element_type=\"section\" data-e-type=\"section\" data-settings=\"{&quot;background_background&quot;:&quot;classic&quot;}\">\n\t\t\t\t\t\t\t<div class=\"elementor-background-overlay\"><\/div>\n\t\t\t\t\t\t\t<div class=\"elementor-container elementor-column-gap-no\">\n\t\t\t\t\t<div class=\"elementor-column elementor-col-50 elementor-top-column elementor-element elementor-element-c56340f\" data-id=\"c56340f\" data-element_type=\"column\" data-e-type=\"column\">\n\t\t\t<div class=\"elementor-widget-wrap\">\n\t\t\t\t\t\t\t<\/div>\n\t\t<\/div>\n\t\t\t\t<div class=\"elementor-column elementor-col-50 elementor-top-column elementor-element elementor-element-7ad79f3\" data-id=\"7ad79f3\" data-element_type=\"column\" data-e-type=\"column\">\n\t\t\t<div class=\"elementor-widget-wrap\">\n\t\t\t\t\t\t\t<\/div>\n\t\t<\/div>\n\t\t\t\t\t<\/div>\n\t\t<\/section>\n\t\t\t\t<section class=\"elementor-section elementor-top-section elementor-element elementor-element-32f5e82 elementor-section-boxed elementor-section-height-default elementor-section-height-default\" data-id=\"32f5e82\" data-element_type=\"section\" data-e-type=\"section\">\n\t\t\t\t\t\t<div class=\"elementor-container elementor-column-gap-default\">\n\t\t\t\t\t<div class=\"elementor-column elementor-col-100 elementor-top-column elementor-element elementor-element-c0d5c15\" data-id=\"c0d5c15\" data-element_type=\"column\" data-e-type=\"column\" data-settings=\"{&quot;background_background&quot;:&quot;gradient&quot;}\">\n\t\t\t<div class=\"elementor-widget-wrap elementor-element-populated\">\n\t\t\t\t\t\t<div class=\"elementor-element elementor-element-7b36871 elementor-widget__width-auto elementor-widget elementor-widget-heading\" data-id=\"7b36871\" data-element_type=\"widget\" data-e-type=\"widget\" data-widget_type=\"heading.default\">\n\t\t\t\t<div class=\"elementor-widget-container\">\n\t\t\t\t\t<h3 class=\"elementor-heading-title elementor-size-default\">AUTOTRASPORTI ROTA di ROTA E. &amp; C. s.n.c.<\/h3>\t\t\t\t<\/div>\n\t\t\t\t<\/div>\n\t\t\t\t<div class=\"elementor-element elementor-element-7e6e338 elementor-widget elementor-widget-heading\" data-id=\"7e6e338\" data-element_type=\"widget\" data-e-type=\"widget\" data-widget_type=\"heading.default\">\n\t\t\t\t<div class=\"elementor-widget-container\">\n\t\t\t\t\t<h1 class=\"elementor-heading-title elementor-size-default\">Stockage et entreposage de marchandises<\/h1>\t\t\t\t<\/div>\n\t\t\t\t<\/div>\n\t\t\t\t<div class=\"elementor-element elementor-element-c7b8458 elementor-widget elementor-widget-text-editor\" data-id=\"c7b8458\" data-element_type=\"widget\" data-e-type=\"widget\" data-widget_type=\"text-editor.default\">\n\t\t\t\t<div class=\"elementor-widget-container\">\n\t\t\t\t\t\t\t\t\t<p>Autotrasporti Rota propose un service complet de stockage et d&rsquo;entreposage de marchandises dans notre grand entrep\u00f4t situ\u00e9 \u00e0 Caprino Bergamasco.<br \/>Notre structure est id\u00e9ale pour ceux qui ont besoin d&rsquo;espaces s\u00e9curis\u00e9s pour la conservation temporaire de leurs marchandises, que ce soit pour de petites ou de grandes quantit\u00e9s. Nous offrons \u00e9galement un soutien logistique pour optimiser la gestion et la distribution des marchandises.<\/p>\t\t\t\t\t\t\t\t<\/div>\n\t\t\t\t<\/div>\n\t\t\t\t\t<\/div>\n\t\t<\/div>\n\t\t\t\t\t<\/div>\n\t\t<\/section>\n\t\t\t\t<section class=\"elementor-section elementor-top-section elementor-element elementor-element-3b045bf elementor-section-boxed elementor-section-height-default elementor-section-height-default\" data-id=\"3b045bf\" data-element_type=\"section\" data-e-type=\"section\">\n\t\t\t\t\t\t<div class=\"elementor-container elementor-column-gap-wide\">\n\t\t\t\t\t<div class=\"elementor-column elementor-col-33 elementor-top-column elementor-element elementor-element-45335b5\" data-id=\"45335b5\" data-element_type=\"column\" data-e-type=\"column\" data-settings=\"{&quot;background_background&quot;:&quot;classic&quot;}\">\n\t\t\t<div class=\"elementor-widget-wrap elementor-element-populated\">\n\t\t\t\t\t\t<div class=\"elementor-element elementor-element-e0f4d73 elementor-widget elementor-widget-heading\" data-id=\"e0f4d73\" data-element_type=\"widget\" data-e-type=\"widget\" data-widget_type=\"heading.default\">\n\t\t\t\t<div class=\"elementor-widget-container\">\n\t\t\t\t\t<h3 class=\"elementor-heading-title elementor-size-default\">Notre entrep\u00f4t<\/h3>\t\t\t\t<\/div>\n\t\t\t\t<\/div>\n\t\t\t\t<div class=\"elementor-element elementor-element-e7423e8 elementor-widget elementor-widget-text-editor\" data-id=\"e7423e8\" data-element_type=\"widget\" data-e-type=\"widget\" data-widget_type=\"text-editor.default\">\n\t\t\t\t<div class=\"elementor-widget-container\">\n\t\t\t\t\t\t\t\t\t<p>Nous disposons d&rsquo;un entrep\u00f4t de plus de 1.000 m\u00e8tres carr\u00e9s d&rsquo;espace couvert, \u00e9quip\u00e9 d&rsquo;un parking ext\u00e9rieur bien am\u00e9nag\u00e9.<br \/>La structure est organis\u00e9e de mani\u00e8re \u00e0 permettre une surveillance constante des op\u00e9rations de stockage et une gestion efficace des espaces.<\/p>\t\t\t\t\t\t\t\t<\/div>\n\t\t\t\t<\/div>\n\t\t\t\t\t<\/div>\n\t\t<\/div>\n\t\t\t\t<div class=\"elementor-column elementor-col-66 elementor-top-column elementor-element elementor-element-d48033a\" data-id=\"d48033a\" data-element_type=\"column\" data-e-type=\"column\">\n\t\t\t<div class=\"elementor-widget-wrap elementor-element-populated\">\n\t\t\t\t\t\t<div class=\"elementor-element elementor-element-7b6f169 elementor-widget elementor-widget-heading\" data-id=\"7b6f169\" data-element_type=\"widget\" data-e-type=\"widget\" data-widget_type=\"heading.default\">\n\t\t\t\t<div class=\"elementor-widget-container\">\n\t\t\t\t\t<h3 class=\"elementor-heading-title elementor-size-default\">Stockage et entreposage de marchandises : pourquoi choisir Autotrasporti Rota<\/h3>\t\t\t\t<\/div>\n\t\t\t\t<\/div>\n\t\t\t\t<div class=\"elementor-element elementor-element-ae5afc0 elementor-widget elementor-widget-text-editor\" data-id=\"ae5afc0\" data-element_type=\"widget\" data-e-type=\"widget\" data-widget_type=\"text-editor.default\">\n\t\t\t\t<div class=\"elementor-widget-container\">\n\t\t\t\t\t\t\t\t\t<p>Choisir Autotrasporti Rota signifie faire confiance \u00e0 un partenaire comp\u00e9tent et fiable pour la gestion de vos marchandises. En particulier, notre service inclut:<\/p>\t\t\t\t\t\t\t\t<\/div>\n\t\t\t\t<\/div>\n\t\t\t\t<div class=\"elementor-element elementor-element-cd28fea elementor-icon-list--layout-traditional elementor-list-item-link-full_width elementor-widget elementor-widget-icon-list\" data-id=\"cd28fea\" data-element_type=\"widget\" data-e-type=\"widget\" data-widget_type=\"icon-list.default\">\n\t\t\t\t<div class=\"elementor-widget-container\">\n\t\t\t\t\t\t\t<ul class=\"elementor-icon-list-items\">\n\t\t\t\t\t\t\t<li class=\"elementor-icon-list-item\">\n\t\t\t\t\t\t\t\t\t\t\t<span class=\"elementor-icon-list-icon\">\n\t\t\t\t\t\t\t<i aria-hidden=\"true\" class=\"fas fa-check\"><\/i>\t\t\t\t\t\t<\/span>\n\t\t\t\t\t\t\t\t\t\t<span class=\"elementor-icon-list-text\">Gestion logistique professionnelle<\/span>\n\t\t\t\t\t\t\t\t\t<\/li>\n\t\t\t\t\t\t\t\t<li class=\"elementor-icon-list-item\">\n\t\t\t\t\t\t\t\t\t\t\t<span class=\"elementor-icon-list-icon\">\n\t\t\t\t\t\t\t<i aria-hidden=\"true\" class=\"fas fa-check\"><\/i>\t\t\t\t\t\t<\/span>\n\t\t\t\t\t\t\t\t\t\t<span class=\"elementor-icon-list-text\">Fiabilit\u00e9 et s\u00e9curit\u00e9 <\/span>\n\t\t\t\t\t\t\t\t\t<\/li>\n\t\t\t\t\t\t\t\t<li class=\"elementor-icon-list-item\">\n\t\t\t\t\t\t\t\t\t\t\t<span class=\"elementor-icon-list-icon\">\n\t\t\t\t\t\t\t<i aria-hidden=\"true\" class=\"fas fa-check\"><\/i>\t\t\t\t\t\t<\/span>\n\t\t\t\t\t\t\t\t\t\t<span class=\"elementor-icon-list-text\">Solutions personnalis\u00e9es et assistance continue<\/span>\n\t\t\t\t\t\t\t\t\t<\/li>\n\t\t\t\t\t\t<\/ul>\n\t\t\t\t\t\t<\/div>\n\t\t\t\t<\/div>\n\t\t\t\t\t<\/div>\n\t\t<\/div>\n\t\t\t\t\t<\/div>\n\t\t<\/section>\n\t\t\t\t<section class=\"elementor-section elementor-top-section elementor-element elementor-element-39c03ed elementor-section-full_width elementor-section-height-default elementor-section-height-default\" data-id=\"39c03ed\" data-element_type=\"section\" data-e-type=\"section\">\n\t\t\t\t\t\t<div class=\"elementor-container elementor-column-gap-no\">\n\t\t\t\t\t<div class=\"elementor-column elementor-col-100 elementor-top-column elementor-element elementor-element-fdae220\" data-id=\"fdae220\" data-element_type=\"column\" data-e-type=\"column\">\n\t\t\t<div class=\"elementor-widget-wrap elementor-element-populated\">\n\t\t\t\t\t\t<div class=\"elementor-element elementor-element-7534036 elementor-widget elementor-widget-template\" data-id=\"7534036\" data-element_type=\"widget\" data-e-type=\"widget\" data-widget_type=\"template.default\">\n\t\t\t\t<div class=\"elementor-widget-container\">\n\t\t\t\t\t\t\t<div class=\"elementor-template\">\n\t\t\t\t\t<div data-elementor-type=\"section\" data-elementor-id=\"447\" class=\"elementor elementor-447 elementor-306 elementor-306\" data-elementor-post-type=\"elementor_library\">\n\t\t\t\t\t<section class=\"elementor-section elementor-top-section elementor-element elementor-element-70f84f8d elementor-section-boxed elementor-section-height-default elementor-section-height-default\" data-id=\"70f84f8d\" data-element_type=\"section\" data-e-type=\"section\" data-settings=\"{&quot;background_background&quot;:&quot;classic&quot;}\">\n\t\t\t\t\t\t\t<div class=\"elementor-background-overlay\"><\/div>\n\t\t\t\t\t\t\t<div class=\"elementor-container elementor-column-gap-default\">\n\t\t\t\t\t<div class=\"elementor-column elementor-col-100 elementor-top-column elementor-element elementor-element-1335183b\" data-id=\"1335183b\" data-element_type=\"column\" data-e-type=\"column\">\n\t\t\t<div class=\"elementor-widget-wrap elementor-element-populated\">\n\t\t\t\t\t\t<div class=\"elementor-element elementor-element-320dc417 elementor-widget elementor-widget-heading\" data-id=\"320dc417\" data-element_type=\"widget\" data-e-type=\"widget\" data-widget_type=\"heading.default\">\n\t\t\t\t<div class=\"elementor-widget-container\">\n\t\t\t\t\t<h3 class=\"elementor-heading-title elementor-size-default\">\u00caTES-VOUS INT\u00c9RESS\u00c9 PAR NOS SERVICES ?<\/h3>\t\t\t\t<\/div>\n\t\t\t\t<\/div>\n\t\t\t\t<div class=\"elementor-element elementor-element-432181d6 elementor-widget elementor-widget-heading\" data-id=\"432181d6\" data-element_type=\"widget\" data-e-type=\"widget\" data-widget_type=\"heading.default\">\n\t\t\t\t<div class=\"elementor-widget-container\">\n\t\t\t\t\t<h3 class=\"elementor-heading-title elementor-size-default\">Souhaitez-vous obtenir plus d'informations sur les tarifs et les services propos\u00e9s par Autotrasporti ROTA ?<\/h3>\t\t\t\t<\/div>\n\t\t\t\t<\/div>\n\t\t\t\t<div class=\"elementor-element elementor-element-74f83c7a elementor-align-center elementor-invisible elementor-widget elementor-widget-button\" data-id=\"74f83c7a\" data-element_type=\"widget\" data-e-type=\"widget\" data-settings=\"{&quot;_animation&quot;:&quot;bounceIn&quot;}\" data-widget_type=\"button.default\">\n\t\t\t\t<div class=\"elementor-widget-container\">\n\t\t\t\t\t\t\t\t\t<div class=\"elementor-button-wrapper\">\n\t\t\t\t\t<a class=\"elementor-button elementor-button-link elementor-size-sm\" href=\"https:\/\/www.autotrasportirota.it\/fr\/contacts\/\">\n\t\t\t\t\t\t<span class=\"elementor-button-content-wrapper\">\n\t\t\t\t\t\t\t\t\t<span class=\"elementor-button-text\">Demandez un devis<\/span>\n\t\t\t\t\t<\/span>\n\t\t\t\t\t<\/a>\n\t\t\t\t<\/div>\n\t\t\t\t\t\t\t\t<\/div>\n\t\t\t\t<\/div>\n\t\t\t\t\t<\/div>\n\t\t<\/div>\n\t\t\t\t\t<\/div>\n\t\t<\/section>\n\t\t\t\t<\/div>\n\t\t\t\t<\/div>\n\t\t\t\t\t\t<\/div>\n\t\t\t\t<\/div>\n\t\t\t\t\t<\/div>\n\t\t<\/div>\n\t\t\t\t\t<\/div>\n\t\t<\/section>\n\t\t\t\t<\/div>\n\t\t","protected":false},"excerpt":{"rendered":"<p>AUTOTRASPORTI ROTA di ROTA E. &amp; C. s.n.c. Stockage et entreposage de marchandises Autotrasporti Rota propose un service complet de stockage et d&rsquo;entreposage de marchandises dans notre grand entrep\u00f4t situ\u00e9 \u00e0 Caprino Bergamasco.Notre structure est id\u00e9ale pour ceux qui ont besoin d&rsquo;espaces s\u00e9curis\u00e9s pour la conservation temporaire de leurs marchandises, que ce soit pour de [&hellip;]<\/p>\n","protected":false},"author":7,"featured_media":0,"parent":0,"menu_order":0,"comment_status":"closed","ping_status":"closed","template":"","meta":{"footnotes":""},"class_list":["post-495","page","type-page","status-publish","hentry"],"yoast_head":"<!-- This site is optimized with the Yoast SEO plugin v27.3 - https:\/\/yoast.com\/product\/yoast-seo-wordpress\/ -->\n<title>Stockage et entreposage de marchandises - Autotrasporti Rota<\/title>\n<meta name=\"description\" content=\"Autotrasporti Rota propose un service complet de stockage et d&#039;entreposage de marchandises dans notre grand entrep\u00f4t situ\u00e9 \u00e0 Caprino Bergamasco.\" \/>\n<meta name=\"robots\" content=\"index, follow, max-snippet:-1, max-image-preview:large, max-video-preview:-1\" \/>\n<link rel=\"canonical\" href=\"https:\/\/www.autotrasportirota.it\/fr\/stockage-entreposage-marchandises\/\" \/>\n<meta property=\"og:locale\" content=\"fr_FR\" \/>\n<meta property=\"og:type\" content=\"article\" \/>\n<meta property=\"og:title\" content=\"Stockage et entreposage de marchandises - Autotrasporti Rota\" \/>\n<meta property=\"og:description\" content=\"Autotrasporti Rota propose un service complet de stockage et d&#039;entreposage de marchandises dans notre grand entrep\u00f4t situ\u00e9 \u00e0 Caprino Bergamasco.\" \/>\n<meta property=\"og:url\" content=\"https:\/\/www.autotrasportirota.it\/fr\/stockage-entreposage-marchandises\/\" \/>\n<meta property=\"og:site_name\" content=\"Autotrasporti Rota\" \/>\n<meta property=\"article:modified_time\" content=\"2025-02-20T09:19:51+00:00\" \/>\n<meta property=\"og:image\" content=\"https:\/\/www.autotrasportirota.it\/wp-content\/uploads\/2025\/01\/rota-autotrasporti-cambiago-bergamo.webp\" \/>\n\t<meta property=\"og:image:width\" content=\"1920\" \/>\n\t<meta property=\"og:image:height\" content=\"1080\" \/>\n\t<meta property=\"og:image:type\" content=\"image\/webp\" \/>\n<meta name=\"twitter:card\" content=\"summary_large_image\" \/>\n<meta name=\"twitter:label1\" content=\"Dur\u00e9e de lecture estim\u00e9e\" \/>\n\t<meta name=\"twitter:data1\" content=\"2 minutes\" \/>\n<script type=\"application\/ld+json\" class=\"yoast-schema-graph\">{\"@context\":\"https:\\\/\\\/schema.org\",\"@graph\":[{\"@type\":\"WebPage\",\"@id\":\"https:\\\/\\\/www.autotrasportirota.it\\\/fr\\\/stockage-entreposage-marchandises\\\/\",\"url\":\"https:\\\/\\\/www.autotrasportirota.it\\\/fr\\\/stockage-entreposage-marchandises\\\/\",\"name\":\"Stockage et entreposage de marchandises - Autotrasporti Rota\",\"isPartOf\":{\"@id\":\"https:\\\/\\\/www.autotrasportirota.it\\\/fr\\\/#website\"},\"datePublished\":\"2025-01-20T13:23:26+00:00\",\"dateModified\":\"2025-02-20T09:19:51+00:00\",\"description\":\"Autotrasporti Rota propose un service complet de stockage et d'entreposage de marchandises dans notre grand entrep\u00f4t situ\u00e9 \u00e0 Caprino Bergamasco.\",\"breadcrumb\":{\"@id\":\"https:\\\/\\\/www.autotrasportirota.it\\\/fr\\\/stockage-entreposage-marchandises\\\/#breadcrumb\"},\"inLanguage\":\"fr-FR\",\"potentialAction\":[{\"@type\":\"ReadAction\",\"target\":[\"https:\\\/\\\/www.autotrasportirota.it\\\/fr\\\/stockage-entreposage-marchandises\\\/\"]}]},{\"@type\":\"BreadcrumbList\",\"@id\":\"https:\\\/\\\/www.autotrasportirota.it\\\/fr\\\/stockage-entreposage-marchandises\\\/#breadcrumb\",\"itemListElement\":[{\"@type\":\"ListItem\",\"position\":1,\"name\":\"Home\",\"item\":\"https:\\\/\\\/www.autotrasportirota.it\\\/fr\\\/\"},{\"@type\":\"ListItem\",\"position\":2,\"name\":\"Stockage et entreposage de marchandises\"}]},{\"@type\":\"WebSite\",\"@id\":\"https:\\\/\\\/www.autotrasportirota.it\\\/fr\\\/#website\",\"url\":\"https:\\\/\\\/www.autotrasportirota.it\\\/fr\\\/\",\"name\":\"Autotrasporti Rota\",\"description\":\"\",\"publisher\":{\"@id\":\"https:\\\/\\\/www.autotrasportirota.it\\\/fr\\\/#organization\"},\"potentialAction\":[{\"@type\":\"SearchAction\",\"target\":{\"@type\":\"EntryPoint\",\"urlTemplate\":\"https:\\\/\\\/www.autotrasportirota.it\\\/fr\\\/?s={search_term_string}\"},\"query-input\":{\"@type\":\"PropertyValueSpecification\",\"valueRequired\":true,\"valueName\":\"search_term_string\"}}],\"inLanguage\":\"fr-FR\"},{\"@type\":\"Organization\",\"@id\":\"https:\\\/\\\/www.autotrasportirota.it\\\/fr\\\/#organization\",\"name\":\"Autotrasporti Rota\",\"url\":\"https:\\\/\\\/www.autotrasportirota.it\\\/fr\\\/\",\"logo\":{\"@type\":\"ImageObject\",\"inLanguage\":\"fr-FR\",\"@id\":\"https:\\\/\\\/www.autotrasportirota.it\\\/fr\\\/#\\\/schema\\\/logo\\\/image\\\/\",\"url\":\"https:\\\/\\\/www.autotrasportirota.it\\\/wp-content\\\/uploads\\\/2021\\\/01\\\/autotrasporti-rota.webp\",\"contentUrl\":\"https:\\\/\\\/www.autotrasportirota.it\\\/wp-content\\\/uploads\\\/2021\\\/01\\\/autotrasporti-rota.webp\",\"width\":1800,\"height\":620,\"caption\":\"Autotrasporti Rota\"},\"image\":{\"@id\":\"https:\\\/\\\/www.autotrasportirota.it\\\/fr\\\/#\\\/schema\\\/logo\\\/image\\\/\"}}]}<\/script>\n<!-- \/ Yoast SEO plugin. -->","yoast_head_json":{"title":"Stockage et entreposage de marchandises - Autotrasporti Rota","description":"Autotrasporti Rota propose un service complet de stockage et d'entreposage de marchandises dans notre grand entrep\u00f4t situ\u00e9 \u00e0 Caprino Bergamasco.","robots":{"index":"index","follow":"follow","max-snippet":"max-snippet:-1","max-image-preview":"max-image-preview:large","max-video-preview":"max-video-preview:-1"},"canonical":"https:\/\/www.autotrasportirota.it\/fr\/stockage-entreposage-marchandises\/","og_locale":"fr_FR","og_type":"article","og_title":"Stockage et entreposage de marchandises - Autotrasporti Rota","og_description":"Autotrasporti Rota propose un service complet de stockage et d'entreposage de marchandises dans notre grand entrep\u00f4t situ\u00e9 \u00e0 Caprino Bergamasco.","og_url":"https:\/\/www.autotrasportirota.it\/fr\/stockage-entreposage-marchandises\/","og_site_name":"Autotrasporti Rota","article_modified_time":"2025-02-20T09:19:51+00:00","og_image":[{"width":1920,"height":1080,"url":"https:\/\/www.autotrasportirota.it\/wp-content\/uploads\/2025\/01\/rota-autotrasporti-cambiago-bergamo.webp","type":"image\/webp"}],"twitter_card":"summary_large_image","twitter_misc":{"Dur\u00e9e de lecture estim\u00e9e":"2 minutes"},"schema":{"@context":"https:\/\/schema.org","@graph":[{"@type":"WebPage","@id":"https:\/\/www.autotrasportirota.it\/fr\/stockage-entreposage-marchandises\/","url":"https:\/\/www.autotrasportirota.it\/fr\/stockage-entreposage-marchandises\/","name":"Stockage et entreposage de marchandises - Autotrasporti Rota","isPartOf":{"@id":"https:\/\/www.autotrasportirota.it\/fr\/#website"},"datePublished":"2025-01-20T13:23:26+00:00","dateModified":"2025-02-20T09:19:51+00:00","description":"Autotrasporti Rota propose un service complet de stockage et d'entreposage de marchandises dans notre grand entrep\u00f4t situ\u00e9 \u00e0 Caprino Bergamasco.","breadcrumb":{"@id":"https:\/\/www.autotrasportirota.it\/fr\/stockage-entreposage-marchandises\/#breadcrumb"},"inLanguage":"fr-FR","potentialAction":[{"@type":"ReadAction","target":["https:\/\/www.autotrasportirota.it\/fr\/stockage-entreposage-marchandises\/"]}]},{"@type":"BreadcrumbList","@id":"https:\/\/www.autotrasportirota.it\/fr\/stockage-entreposage-marchandises\/#breadcrumb","itemListElement":[{"@type":"ListItem","position":1,"name":"Home","item":"https:\/\/www.autotrasportirota.it\/fr\/"},{"@type":"ListItem","position":2,"name":"Stockage et entreposage de marchandises"}]},{"@type":"WebSite","@id":"https:\/\/www.autotrasportirota.it\/fr\/#website","url":"https:\/\/www.autotrasportirota.it\/fr\/","name":"Autotrasporti Rota","description":"","publisher":{"@id":"https:\/\/www.autotrasportirota.it\/fr\/#organization"},"potentialAction":[{"@type":"SearchAction","target":{"@type":"EntryPoint","urlTemplate":"https:\/\/www.autotrasportirota.it\/fr\/?s={search_term_string}"},"query-input":{"@type":"PropertyValueSpecification","valueRequired":true,"valueName":"search_term_string"}}],"inLanguage":"fr-FR"},{"@type":"Organization","@id":"https:\/\/www.autotrasportirota.it\/fr\/#organization","name":"Autotrasporti Rota","url":"https:\/\/www.autotrasportirota.it\/fr\/","logo":{"@type":"ImageObject","inLanguage":"fr-FR","@id":"https:\/\/www.autotrasportirota.it\/fr\/#\/schema\/logo\/image\/","url":"https:\/\/www.autotrasportirota.it\/wp-content\/uploads\/2021\/01\/autotrasporti-rota.webp","contentUrl":"https:\/\/www.autotrasportirota.it\/wp-content\/uploads\/2021\/01\/autotrasporti-rota.webp","width":1800,"height":620,"caption":"Autotrasporti Rota"},"image":{"@id":"https:\/\/www.autotrasportirota.it\/fr\/#\/schema\/logo\/image\/"}}]}},"_links":{"self":[{"href":"https:\/\/www.autotrasportirota.it\/fr\/wp-json\/wp\/v2\/pages\/495","targetHints":{"allow":["GET"]}}],"collection":[{"href":"https:\/\/www.autotrasportirota.it\/fr\/wp-json\/wp\/v2\/pages"}],"about":[{"href":"https:\/\/www.autotrasportirota.it\/fr\/wp-json\/wp\/v2\/types\/page"}],"author":[{"embeddable":true,"href":"https:\/\/www.autotrasportirota.it\/fr\/wp-json\/wp\/v2\/users\/7"}],"replies":[{"embeddable":true,"href":"https:\/\/www.autotrasportirota.it\/fr\/wp-json\/wp\/v2\/comments?post=495"}],"version-history":[{"count":10,"href":"https:\/\/www.autotrasportirota.it\/fr\/wp-json\/wp\/v2\/pages\/495\/revisions"}],"predecessor-version":[{"id":574,"href":"https:\/\/www.autotrasportirota.it\/fr\/wp-json\/wp\/v2\/pages\/495\/revisions\/574"}],"wp:attachment":[{"href":"https:\/\/www.autotrasportirota.it\/fr\/wp-json\/wp\/v2\/media?parent=495"}],"curies":[{"name":"wp","href":"https:\/\/api.w.org\/{rel}","templated":true}]}}